{"id":6,"date":"2023-05-19T13:51:46","date_gmt":"2023-05-19T13:51:46","guid":{"rendered":"https:\/\/golfleaderboard.be\/golf\/?page_id=6"},"modified":"2024-02-15T11:26:29","modified_gmt":"2024-02-15T11:26:29","slug":"a-propos-de","status":"publish","type":"page","link":"https:\/\/golfendirecto.es\/golf\/","title":{"rendered":"Golf: Comparte TUS resultados en vivo"},"content":{"rendered":"\n<figure class=\"wp-block-embed is-type-video is-provider-youtube wp-block-embed-youtube wp-embed-aspect-16-9 wp-has-aspect-ratio\"><div class=\"wp-block-embed__wrapper\">\n<iframe loading=\"lazy\" title=\"Share the scores of your round of golf with your friends live on your mobile\" width=\"525\" height=\"295\" src=\"https:\/\/www.youtube.com\/embed\/cbYTeyCi160?feature=oembed\" frameborder=\"0\" allow=\"accelerometer; autoplay; clipboard-write; encrypted-media; gyroscope; picture-in-picture; web-share\" referrerpolicy=\"strict-origin-when-cross-origin\" allowfullscreen><\/iframe>\n<\/div><\/figure>\n\n\n\n<p><br><strong>\u00bfC\u00f3mo funciona la tarjeta de puntuaci\u00f3n digital de golf?<\/strong><\/p>\n\n\n\n<figure class=\"wp-block-image size-full\"><a href=\"\/qr-connect.asp?lang=SP\"><img loading=\"lazy\" decoding=\"async\" width=\"504\" height=\"498\" src=\"https:\/\/golfendirecto.es\/golf\/wp-content\/uploads\/2023\/05\/golf-app.png\" alt=\"\" class=\"wp-image-81\" srcset=\"https:\/\/golfendirecto.es\/golf\/wp-content\/uploads\/2023\/05\/golf-app.png 504w, https:\/\/golfendirecto.es\/golf\/wp-content\/uploads\/2023\/05\/golf-app-300x296.png 300w, https:\/\/golfendirecto.es\/golf\/wp-content\/uploads\/2023\/05\/golf-app-100x100.png 100w\" sizes=\"auto, (max-width: 504px) 100vw, 504px\" \/><\/a><\/figure>\n\n\n\n<div class=\"wp-block-group\"><div class=\"wp-block-group__inner-container is-layout-constrained wp-block-group-is-layout-constrained\">\n<ul class=\"wp-block-list\">\n<li>\u00a1F\u00e1cil! \u00a1Solo un jugador por vuelo ingresa los puntos!<br><br><\/li>\n\n\n\n<li>Es un sistema revolucionario: no se necesita ninguna entrada manual de n\u00fameros, es como un \u00e1baco, lo que facilita el proceso de entrada, incluso sin gafas.<br><br><\/li>\n\n\n\n<li>Este innovador sitio web te permite compartir en tiempo real TUS RESULTADOS de golf DURANTE TU RONDA de golf. <br>Y compara TU clasificaci\u00f3n general EN VIVO con la de todos los dem\u00e1s jugadores participantes. <br>Ya sea en una partida amistosa, un torneo o campeonatos de club. <br>Los resultados se mostrar\u00e1n en tel\u00e9fonos Android, iPhones e incluso simult\u00e1neamente a trav\u00e9s del men\u00fa &#8220;Clasificaci\u00f3n&#8221; en un televisor inteligente en tu club.<br><br><\/li>\n\n\n\n<li>Para la gran alegr\u00eda de tu esposa, podr\u00e1 consultar tus resultados en vivo en su tel\u00e9fono m\u00f3vil, porque, como todos sabemos, est\u00e1 apasionada por cada uno de tus golpes en el campo.<br><br><\/li>\n\n\n\n<li>La pr\u00f3xima vez que juegues con tus amigos, \u00a1utiliza este sitio para mostrarles qui\u00e9n es el mejor!<br><\/li>\n<\/ul>\n<\/div><\/div>\n\n\n\n<figure class=\"wp-block-image size-full\"><a href=\"\/qr-connect.asp?lb=y&amp;lang=EN\"><img loading=\"lazy\" decoding=\"async\" width=\"519\" height=\"500\" src=\"https:\/\/golfendirecto.es\/golf\/wp-content\/uploads\/2023\/05\/golf-leaderboard.png\" alt=\"\" class=\"wp-image-82\" srcset=\"https:\/\/golfendirecto.es\/golf\/wp-content\/uploads\/2023\/05\/golf-leaderboard.png 519w, https:\/\/golfendirecto.es\/golf\/wp-content\/uploads\/2023\/05\/golf-leaderboard-300x289.png 300w\" sizes=\"auto, (max-width: 519px) 100vw, 519px\" \/><\/a><\/figure>\n\n\n\n<p class=\"has-text-align-center\">\u00a1Disfrutar! \u00a1Durante la fase experimental, es gratis!<br><strong>Utilice este C\u00d3DIGO QR para compartir este sitio con sus amigos<\/strong><\/p>\n\n\n<div class=\"wp-block-image\">\n<figure class=\"aligncenter size-full\"><img loading=\"lazy\" decoding=\"async\" width=\"164\" height=\"164\" src=\"https:\/\/golfendirecto.es\/golf\/wp-content\/uploads\/2024\/01\/golfendirecto.png\" alt=\"\" class=\"wp-image-212\" srcset=\"https:\/\/golfendirecto.es\/golf\/wp-content\/uploads\/2024\/01\/golfendirecto.png 164w, https:\/\/golfendirecto.es\/golf\/wp-content\/uploads\/2024\/01\/golfendirecto-150x150.png 150w, https:\/\/golfendirecto.es\/golf\/wp-content\/uploads\/2024\/01\/golfendirecto-100x100.png 100w\" sizes=\"auto, (max-width: 164px) 100vw, 164px\" \/><\/figure>\n<\/div>","protected":false},"excerpt":{"rendered":"<p>\u00bfC\u00f3mo funciona la tarjeta de puntuaci\u00f3n digital de golf? \u00a1Disfrutar! \u00a1Durante la fase experimental, es gratis!Utilice este C\u00d3DIGO QR para compartir este sitio con sus amigos<\/p>\n","protected":false},"author":1,"featured_media":0,"parent":0,"menu_order":0,"comment_status":"closed","ping_status":"closed","template":"","meta":{"footnotes":""},"class_list":["post-6","page","type-page","status-publish","hentry"],"_links":{"self":[{"href":"https:\/\/golfendirecto.es\/golf\/index.php\/wp-json\/wp\/v2\/pages\/6","targetHints":{"allow":["GET"]}}],"collection":[{"href":"https:\/\/golfendirecto.es\/golf\/index.php\/wp-json\/wp\/v2\/pages"}],"about":[{"href":"https:\/\/golfendirecto.es\/golf\/index.php\/wp-json\/wp\/v2\/types\/page"}],"author":[{"embeddable":true,"href":"https:\/\/golfendirecto.es\/golf\/index.php\/wp-json\/wp\/v2\/users\/1"}],"replies":[{"embeddable":true,"href":"https:\/\/golfendirecto.es\/golf\/index.php\/wp-json\/wp\/v2\/comments?post=6"}],"version-history":[{"count":56,"href":"https:\/\/golfendirecto.es\/golf\/index.php\/wp-json\/wp\/v2\/pages\/6\/revisions"}],"predecessor-version":[{"id":222,"href":"https:\/\/golfendirecto.es\/golf\/index.php\/wp-json\/wp\/v2\/pages\/6\/revisions\/222"}],"wp:attachment":[{"href":"https:\/\/golfendirecto.es\/golf\/index.php\/wp-json\/wp\/v2\/media?parent=6"}],"curies":[{"name":"wp","href":"https:\/\/api.w.org\/{rel}","templated":true}]}}